{"id":10255,"date":"2026-01-05T08:41:25","date_gmt":"2026-01-05T07:41:25","guid":{"rendered":"https:\/\/helvetic-harmony.net\/home\/"},"modified":"2026-01-08T11:38:49","modified_gmt":"2026-01-08T10:38:49","slug":"home","status":"publish","type":"page","link":"https:\/\/helvetic-harmony.net\/fr\/","title":{"rendered":"Home"},"content":{"rendered":"\t\t<div data-elementor-type=\"wp-page\" data-elementor-id=\"10255\" class=\"elementor elementor-10255 elementor-10237\" data-elementor-post-type=\"page\">\n\t\t\t\t<div class=\"elementor-element elementor-element-2cb7467 e-flex e-con-boxed e-con e-parent\" data-id=\"2cb7467\" data-element_type=\"container\" data-e-type=\"container\">\n\t\t\t\t\t<div class=\"e-con-inner\">\n\t\t\t\t<div class=\"elementor-element elementor-element-d797fa8 elementor-widget__width-inherit elementor-widget elementor-widget-html\" data-id=\"d797fa8\" data-element_type=\"widget\" data-e-type=\"widget\" data-settings=\"{&quot;_animation&quot;:&quot;none&quot;}\" data-widget_type=\"html.default\">\n\t\t\t\t\t<!DOCTYPE html>\n<html lang=\"fr\">\n<head>\n    <meta charset=\"UTF-8\">\n    <meta name=\"viewport\" content=\"width=device-width, initial-scale=1.0\">\n    <meta name=\"description\" content=\"Helvetic Harmony - Votre guide de confiance pour la protection EMF, l'\u00e9nergie quantique, la structuration de l'eau et la technologie de biohacking. Solutions de bien-\u00eatre scientifiquement prouv\u00e9es pour la vie moderne.\">\n    <title>Helvetic Harmony - Protection EMF & Technologie de Bien-\u00eatre Quantique<\/title>\n    <style>\n        * {\n            margin: 0;\n            padding: 0;\n            box-sizing: border-box;\n        }\n\n        :root {\n            --deep-indigo: #1B2B5C;\n            --luminous-cyan: #00D9FF;\n            --emerald-green: #10B981;\n            --warm-gold: #D4A574;\n            --soft-lavender: #E6D5F0;\n            --neutral-white: #FFFFFF;\n            --dark-slate: #2C3E50;\n        }\n\n        body {\n            font-family: 'Inter', -apple-system, BlinkMacSystemFont, 'Segoe UI', Roboto, Oxygen, Ubuntu, sans-serif;\n            line-height: 1.6;\n            color: var(--dark-slate);\n            overflow-x: hidden;\n        }\n\n        \/* Hero Section *\/\n        .hero {\n            min-height: 100vh;\n            background: linear-gradient(135deg, var(--deep-indigo) 0%, #0F1B3C 50%, var(--dark-slate) 100%);\n            position: relative;\n            overflow: hidden;\n            display: flex;\n            align-items: center;\n            justify-content: center;\n        }\n\n        .hero::before {\n            content: '';\n            position: absolute;\n            top: 0;\n            left: 0;\n            right: 0;\n            bottom: 0;\n            background: url('data:image\/svg+xml,<svg xmlns=\"http:\/\/www.w3.org\/2000\/svg\" viewBox=\"0 0 1440 320\"><path fill=\"%2300D9FF\" fill-opacity=\"0.1\" d=\"M0,96L48,112C96,128,192,160,288,165.3C384,171,480,149,576,133.3C672,117,768,107,864,122.7C960,139,1056,181,1152,186.7C1248,192,1344,160,1392,144L1440,128L1440,320L1392,320C1344,320,1248,320,1152,320C1056,320,960,320,864,320C768,320,672,320,576,320C480,320,384,320,288,320C192,320,96,320,48,320L0,320Z\"><\/path><\/svg>');\n            background-size: cover;\n            background-position: bottom;\n        }\n\n        .hero-content {\n            position: relative;\n            z-index: 2;\n            text-align: center;\n            padding: 2rem;\n            max-width: 1200px;\n            margin: 0 auto;\n        }\n\n        .hero-badge {\n            display: inline-block;\n            background: rgba(0, 217, 255, 0.15);\n            backdrop-filter: blur(10px);\n            border: 1px solid rgba(0, 217, 255, 0.3);\n            padding: 0.5rem 1.5rem;\n            border-radius: 50px;\n            color: var(--luminous-cyan);\n            font-size: 0.9rem;\n            font-weight: 600;\n            margin-bottom: 2rem;\n            letter-spacing: 0.5px;\n        }\n\n        .hero h1 {\n            font-size: clamp(2.5rem, 6vw, 5rem);\n            font-weight: 800;\n            color: var(--neutral-white);\n            margin-bottom: 1.5rem;\n            line-height: 1.1;\n            text-shadow: 0 2px 20px rgba(0, 0, 0, 0.3);\n        }\n\n        .hero .highlight {\n            background: linear-gradient(90deg, var(--luminous-cyan), var(--emerald-green));\n            -webkit-background-clip: text;\n            -webkit-text-fill-color: transparent;\n            background-clip: text;\n        }\n\n        .hero p {\n            font-size: clamp(1.1rem, 2vw, 1.4rem);\n            color: rgba(255, 255, 255, 0.9);\n            margin-bottom: 3rem;\n            max-width: 800px;\n            margin-left: auto;\n            margin-right: auto;\n            line-height: 1.8;\n        }\n\n        .cta-buttons {\n            display: flex;\n            gap: 1.5rem;\n            justify-content: center;\n            flex-wrap: wrap;\n            margin-bottom: 4rem;\n        }\n\n        .btn {\n            padding: 1rem 2.5rem;\n            font-size: 1.1rem;\n            font-weight: 600;\n            border-radius: 50px;\n            text-decoration: none;\n            transition: all 0.3s ease;\n            display: inline-block;\n            cursor: pointer;\n            border: none;\n        }\n\n        .btn-primary {\n            background: linear-gradient(135deg, var(--luminous-cyan), var(--emerald-green));\n            color: var(--neutral-white);\n            box-shadow: 0 10px 30px rgba(0, 217, 255, 0.3);\n        }\n\n        .btn-primary:hover {\n            transform: translateY(-3px);\n            box-shadow: 0 15px 40px rgba(0, 217, 255, 0.4);\n        }\n\n        .btn-secondary {\n            background: rgba(255, 255, 255, 0.1);\n            color: var(--neutral-white);\n            border: 2px solid rgba(255, 255, 255, 0.3);\n            backdrop-filter: blur(10px);\n        }\n\n        .btn-secondary:hover {\n            background: rgba(255, 255, 255, 0.2);\n            border-color: rgba(255, 255, 255, 0.5);\n            transform: translateY(-3px);\n        }\n\n        .trust-indicators {\n            display: flex;\n            justify-content: center;\n            gap: 3rem;\n            flex-wrap: wrap;\n            margin-top: 3rem;\n            padding-top: 3rem;\n            border-top: 1px solid rgba(255, 255, 255, 0.1);\n        }\n\n        .trust-item {\n            text-align: center;\n            color: rgba(255, 255, 255, 0.8);\n        }\n\n        .trust-number {\n            font-size: 2.5rem;\n            font-weight: 700;\n            color: var(--luminous-cyan);\n            margin-bottom: 0.5rem;\n        }\n\n        \/* LEONARDO.AI PLACEHOLDER FOR HERO BACKGROUND *\/\n        .hero-image-placeholder {\n            position: absolute;\n            top: 0;\n            left: 0;\n            width: 100%;\n            height: 100%;\n            opacity: 0.15;\n            background-size: cover;\n            background-position: center;\n            z-index: 1;\n        }\n\n        \/* Pillar Sections *\/\n        .pillars {\n            padding: 8rem 2rem;\n            background: linear-gradient(180deg, #FFFFFF 0%, var(--soft-lavender) 100%);\n        }\n\n        .section-header {\n            text-align: center;\n            max-width: 800px;\n            margin: 0 auto 5rem;\n        }\n\n        .section-badge {\n            display: inline-block;\n            background: linear-gradient(135deg, var(--luminous-cyan), var(--emerald-green));\n            color: white;\n            padding: 0.5rem 1.5rem;\n            border-radius: 50px;\n            font-size: 0.9rem;\n            font-weight: 600;\n            margin-bottom: 1rem;\n            letter-spacing: 0.5px;\n        }\n\n        .section-header h2 {\n            font-size: clamp(2rem, 4vw, 3.5rem);\n            color: var(--deep-indigo);\n            margin-bottom: 1rem;\n            font-weight: 800;\n        }\n\n        .section-header p {\n            font-size: 1.2rem;\n            color: var(--dark-slate);\n            opacity: 0.8;\n        }\n\n        .pillar-grid {\n            display: grid;\n            grid-template-columns: repeat(auto-fit, minmax(300px, 1fr));\n            gap: 2rem;\n            max-width: 1400px;\n            margin: 0 auto;\n        }\n\n        .pillar-card {\n            background: var(--neutral-white);\n            border-radius: 20px;\n            overflow: hidden;\n            box-shadow: 0 10px 40px rgba(27, 43, 92, 0.1);\n            transition: all 0.4s ease;\n            position: relative;\n        }\n\n        .pillar-card:hover {\n            transform: translateY(-10px);\n            box-shadow: 0 20px 60px rgba(27, 43, 92, 0.15);\n        }\n\n        .pillar-image {\n            width: 100%;\n            height: 250px;\n            object-fit: cover;\n            background: linear-gradient(135deg, var(--deep-indigo), var(--luminous-cyan));\n        }\n\n        .pillar-content {\n            padding: 2rem;\n        }\n\n        .pillar-icon {\n            width: 60px;\n            height: 60px;\n            background: linear-gradient(135deg, var(--luminous-cyan), var(--emerald-green));\n            border-radius: 15px;\n            display: flex;\n            align-items: center;\n            justify-content: center;\n            margin-bottom: 1.5rem;\n            font-size: 2rem;\n        }\n\n        .pillar-card h3 {\n            font-size: 1.8rem;\n            color: var(--deep-indigo);\n            margin-bottom: 1rem;\n            font-weight: 700;\n        }\n\n        .pillar-card p {\n            color: var(--dark-slate);\n            margin-bottom: 1.5rem;\n            line-height: 1.7;\n        }\n\n        .pillar-link {\n            color: var(--luminous-cyan);\n            text-decoration: none;\n            font-weight: 600;\n            display: inline-flex;\n            align-items: center;\n            gap: 0.5rem;\n            transition: all 0.3s ease;\n        }\n\n        .pillar-link:hover {\n            gap: 1rem;\n            color: var(--emerald-green);\n        }\n\n        \/* Features Section *\/\n        .features {\n            padding: 8rem 2rem;\n            background: var(--neutral-white);\n        }\n\n        .features-grid {\n            display: grid;\n            grid-template-columns: repeat(auto-fit, minmax(250px, 1fr));\n            gap: 3rem;\n            max-width: 1200px;\n            margin: 4rem auto 0;\n        }\n\n        .feature-item {\n            text-align: center;\n            padding: 2rem;\n            border-radius: 20px;\n            transition: all 0.3s ease;\n        }\n\n        .feature-item:hover {\n            background: rgba(0, 217, 255, 0.05);\n            transform: translateY(-5px);\n        }\n\n        .feature-icon {\n            width: 80px;\n            height: 80px;\n            background: linear-gradient(135deg, var(--soft-lavender), rgba(0, 217, 255, 0.2));\n            border-radius: 20px;\n            display: flex;\n            align-items: center;\n            justify-content: center;\n            margin: 0 auto 1.5rem;\n            font-size: 2.5rem;\n        }\n\n        .feature-item h3 {\n            font-size: 1.3rem;\n            color: var(--deep-indigo);\n            margin-bottom: 1rem;\n            font-weight: 700;\n        }\n\n        .feature-item p {\n            color: var(--dark-slate);\n            opacity: 0.8;\n        }\n\/* Newsletter Section *\/\n        .newsletter {\n            padding: 6rem 2rem;\n            background: linear-gradient(135deg, var(--emerald-green), var(--luminous-cyan));\n        }\n\n        .newsletter-content {\n            max-width: 700px;\n            margin: 0 auto;\n            text-align: center;\n            color: var(--neutral-white);\n        }\n\n        .newsletter h2 {\n            font-size: clamp(2rem, 4vw, 3rem);\n            margin-bottom: 1rem;\n            font-weight: 800;\n        }\n\n        .newsletter p {\n            font-size: 1.2rem;\n            margin-bottom: 2rem;\n            opacity: 0.95;\n        }\n\n        .newsletter-form {\n            display: flex;\n            gap: 1rem;\n            max-width: 500px;\n            margin: 0 auto;\n            flex-wrap: wrap;\n        }\n\n        .newsletter-form input {\n            flex: 1;\n            min-width: 250px;\n            padding: 1rem 1.5rem;\n            border-radius: 50px;\n            border: none;\n            font-size: 1rem;\n        }\n\n        .newsletter-form button {\n            padding: 1rem 2.5rem;\n            background: var(--deep-indigo);\n            color: white;\n            border: none;\n            border-radius: 50px;\n            font-weight: 600;\n            cursor: pointer;\n            transition: all 0.3s ease;\n            font-size: 1rem;\n        }\n\n        .newsletter-form button:hover {\n            background: var(--dark-slate);\n            transform: translateY(-2px);\n        }\n\n        \/* Footer *\/\n        footer {\n            background: var(--deep-indigo);\n            color: rgba(255, 255, 255, 0.8);\n            padding: 4rem 2rem 2rem;\n        }\n\n        .footer-content {\n            max-width: 1200px;\n            margin: 0 auto;\n            display: grid;\n            grid-template-columns: repeat(auto-fit, minmax(250px, 1fr));\n            gap: 3rem;\n            margin-bottom: 3rem;\n        }\n\n        .footer-brand h3 {\n            color: var(--luminous-cyan);\n            font-size: 1.5rem;\n            margin-bottom: 1rem;\n            font-weight: 700;\n        }\n\n        .footer-links h4 {\n            color: var(--neutral-white);\n            margin-bottom: 1rem;\n            font-weight: 600;\n        }\n\n        .footer-links ul {\n            list-style: none;\n        }\n\n        .footer-links a {\n            color: rgba(255, 255, 255, 0.7);\n            text-decoration: none;\n            display: block;\n            margin-bottom: 0.5rem;\n            transition: all 0.3s ease;\n        }\n\n        .footer-links a:hover {\n            color: var(--luminous-cyan);\n            padding-left: 0.5rem;\n        }\n\n        .footer-bottom {\n            text-align: center;\n            padding-top: 2rem;\n            border-top: 1px solid rgba(255, 255, 255, 0.1);\n            color: rgba(255, 255, 255, 0.6);\n        }\n\n        \/* Animations *\/\n        @keyframes float {\n            0%, 100% { transform: translateY(0px); }\n            50% { transform: translateY(-20px); }\n        }\n\n        .float-animation {\n            animation: float 6s ease-in-out infinite;\n        }\n\n        \/* Responsive *\/\n        @media (max-width: 768px) {\n            .hero h1 {\n                font-size: 2.5rem;\n            }\n\n            .cta-buttons {\n                flex-direction: column;\n                align-items: stretch;\n            }\n\n            .trust-indicators {\n                gap: 2rem;\n            }\n\n            .newsletter-form {\n                flex-direction: column;\n            }\n        }\n    <\/style>\n<\/head>\n<body>\n    <!-- Hero Section -->\n    <section class=\"hero\">\n        <div class=\"hero-image-placeholder\"><\/div>\n        <div class=\"hero-content\">\n            <span class=\"hero-badge\">\ud83c\udf1f Solutions de Bien-\u00eatre Scientifiquement Prouv\u00e9es<\/span>\n            <h1>\n                Harmonisez Votre Vie avec la<br>\n                <span class=\"highlight\">Technologie de Bien-\u00eatre Quantique<\/span>\n            <\/h1>\n            <p>\n                D\u00e9couvrez des solutions fond\u00e9es sur des preuves pour la protection EMF, l'optimisation de l'\u00e9nergie quantique,\n                le biohacking avanc\u00e9 et la technologie de l'eau structur\u00e9e. Transformez votre sant\u00e9 dans notre\n                monde \u00e9lectromagn\u00e9tique.\n            <\/p>\n            <div class=\"cta-buttons\">\n                <a href=\"#pillars\" class=\"btn btn-primary\">D\u00e9couvrir les Solutions<\/a>\n                <\/div>\n            <div class=\"trust-indicators\">\n                <div class=\"trust-item\">\n                    <div class=\"trust-number\">50 000+<\/div>\n                    <div>Lecteurs dans le Monde<\/div>\n                <\/div>\n                <div class=\"trust-item\">\n                    <div class=\"trust-number\">100+<\/div>\n                    <div>R\u00e9f\u00e9rences Scientifiques<\/div>\n                <\/div>\n                <div class=\"trust-item\">\n                    <div class=\"trust-number\">4.8\u2605<\/div>\n                    <div>Note des Utilisateurs<\/div>\n                <\/div>\n            <\/div>\n        <\/div>\n    <\/section>\n\n    <!-- Pillar Pages Section -->\n    <section id=\"pillars\" class=\"pillars\">\n        <div class=\"section-header\">\n            <span class=\"section-badge\">Nos Piliers Fondamentaux<\/span>\n            <h2>Guides de Bien-\u00eatre Complets<\/h2>\n            <p>Ressources approfondies et scientifiquement prouv\u00e9es pour vous aider \u00e0 optimiser votre sant\u00e9 et vous prot\u00e9ger des d\u00e9fis environnementaux modernes.<\/p>\n        <\/div>\n\n        <div class=\"pillar-grid\">\n            <!-- EMF Protection -->\n            <div class=\"pillar-card\">\n                <div class=\"pillar-image\" style=\"background: linear-gradient(135deg, #1B2B5C, #00D9FF);\">\n                    <img decoding=\"async\" src=\"https:\/\/helvetic-harmony.net\/wp-content\/smush-avif\/2026\/01\/home_1-emf-protection.jpg.avif\" alt=\"Guide Protection EMF\" style=\"width: 100%; height: 100%; object-fit: cover;\">\n                <\/div>\n                <div class=\"pillar-content\">\n                    <div class=\"pillar-icon\">\ud83d\udee1\ufe0f<\/div>\n                    <h3>Protection EMF<\/h3>\n                    <p>\n                        Guide complet pour vous prot\u00e9ger des rayonnements \u00e9lectromagn\u00e9tiques.\n                        D\u00e9couvrez les technologies de blocage, de blindage et d'harmonisation quantique\n                        soutenues par les derni\u00e8res recherches.\n                    <\/p>\n                    <a href=\"\/fr\/protection-emf-guide\/\" class=\"pillar-link\">\n                        Lire le Guide Complet \u2192\n                    <\/a>\n                <\/div>\n            <\/div>\n\n            <!-- Quantum Energy -->\n            <div class=\"pillar-card\">\n                <div class=\"pillar-image\" style=\"background: linear-gradient(135deg, #10B981, #D4A574);\">\n                    <img decoding=\"async\" src=\"https:\/\/helvetic-harmony.net\/wp-content\/smush-avif\/2026\/01\/home_2-quantum-energy.jpg.avif\" alt=\"Appareils \u00c9nergie Quantique\" style=\"width: 100%; height: 100%; object-fit: cover;\">\n                <\/div>\n                <div class=\"pillar-content\">\n                    <div class=\"pillar-icon\">\u26a1<\/div>\n                    <h3>\u00c9nergie Quantique<\/h3>\n                    <p>\n                        D\u00e9couvrez comment la technologie de fr\u00e9quence quantique peut harmoniser votre\n                        environnement cellulaire. Avis d\u00e9taill\u00e9s sur Somavedic, Leela Quantum Tech et\n                        autres appareils de pointe.\n                    <\/p>\n                    <a href=\"\/fr\/appareils-energie-quantique-guide\/\" class=\"pillar-link\">\n                        Explorer la Technologie \u2192\n                    <\/a>\n                <\/div>\n            <\/div>\n\n            <!-- Biohacking -->\n            <div class=\"pillar-card\">\n                <div class=\"pillar-image\" style=\"background: linear-gradient(135deg, #00D9FF, #10B981);\">\n                    <img decoding=\"async\" src=\"https:\/\/helvetic-harmony.net\/wp-content\/smush-avif\/2026\/01\/home_3-Biohacking.jpg.avif\" alt=\"Technologie Biohacking\" style=\"width: 100%; height: 100%; object-fit: cover;\">\n                <\/div>\n                <div class=\"pillar-content\">\n                    <div class=\"pillar-icon\">\ud83e\uddec<\/div>\n                    <h3>Technologie de Biohacking<\/h3>\n                    <p>\n                        Guide complet pour optimiser votre biologie avec une technologie de pointe.\n                        De l'optimisation du sommeil \u00e0 l'am\u00e9lioration cognitive et au suivi des performances.\n                    <\/p>\n                    <a href=\"\/fr\/technologie-biohacking-guide\/\" class=\"pillar-link\">\n                        Commencer l'Optimisation \u2192\n                    <\/a>\n                <\/div>\n            <\/div>\n\n            <!-- Water Structuring -->\n            <div class=\"pillar-card\">\n                <div class=\"pillar-image\" style=\"background: linear-gradient(135deg, #1B2B5C, #D4A574);\">\n                    <img decoding=\"async\" src=\"https:\/\/helvetic-harmony.net\/wp-content\/smush-avif\/2026\/01\/home_4-Water-Structuring.jpg.avif\" alt=\"Guide Structuration de l'Eau\" style=\"width: 100%; height: 100%; object-fit: cover;\">\n                <\/div>\n                <div class=\"pillar-content\">\n                    <div class=\"pillar-icon\">\ud83d\udca7<\/div>\n                    <h3>Structuration de l'Eau<\/h3>\n                    <p>\n                        D\u00e9couvrez comment l'eau structur\u00e9e peut am\u00e9liorer l'hydratation cellulaire et la sant\u00e9 globale.\n                        Avis sur les dispositifs \u00e0 vortex, les g\u00e9n\u00e9rateurs de fr\u00e9quences et les syst\u00e8mes de filtration.\n                    <\/p>\n                    <a href=\"\/fr\/structuration-eau-guide\/\" class=\"pillar-link\">\n                        En Savoir Plus \u2192\n                    <\/a>\n                <\/div>\n            <\/div>\n        <\/div>\n    <\/section>\n\n    <!-- Features Section -->\n    <section class=\"features\">\n        <div class=\"section-header\">\n            <span class=\"section-badge\">Pourquoi Choisir Helvetic Harmony<\/span>\n            <h2>Informations de Bien-\u00eatre Fond\u00e9es sur des Preuves<\/h2>\n            <p>Nous \u00e9liminons le battage marketing pour vous apporter de vraies solutions scientifiquement prouv\u00e9es.<\/p>\n        <\/div>\n\n        <div class=\"features-grid\">\n            <div class=\"feature-item\">\n                <div class=\"feature-icon\">\ud83d\udd2c<\/div>\n                <h3>Scientifiquement Prouv\u00e9<\/h3>\n                <p>Chaque recommandation est soutenue par des recherches \u00e9valu\u00e9es par des pairs et des \u00e9tudes cliniques.<\/p>\n            <\/div>\n\n            <div class=\"feature-item\">\n                <div class=\"feature-icon\">\ud83c\udfaf<\/div>\n                <h3>Avis Impartiaux<\/h3>\n                <p>Avis de produits honn\u00eates et complets avec tests r\u00e9els et analyses approfondies.<\/p>\n            <\/div>\n\n            <div class=\"feature-item\">\n                <div class=\"feature-icon\">\ud83c\udf0d<\/div>\n                <h3>Perspective Mondiale<\/h3>\n                <p>Contenu disponible en 8 langues au service d'une communaut\u00e9 mondiale de bien-\u00eatre.<\/p>\n            <\/div>\n\n            <div class=\"feature-item\">\n                <div class=\"feature-icon\">\ud83d\udcda<\/div>\n                <h3>Guides Complets<\/h3>\n                <p>Contenu pilier approfondi couvrant tout, des bases aux applications avanc\u00e9es.<\/p>\n            <\/div>\n\n            <div class=\"feature-item\">\n                <div class=\"feature-icon\">\ud83d\udd04<\/div>\n                <h3>R\u00e9guli\u00e8rement Mis \u00e0 Jour<\/h3>\n                <p>Contenu mis \u00e0 jour avec les derni\u00e8res recherches et d\u00e9veloppements technologiques.<\/p>\n            <\/div>\n\n            <div class=\"feature-item\">\n                <div class=\"feature-icon\">\ud83d\udca1<\/div>\n                <h3>Conseils Pratiques<\/h3>\n                <p>\u00c9tapes pratiques que vous pouvez mettre en \u0153uvre imm\u00e9diatement pour am\u00e9liorer votre bien-\u00eatre.<\/p>\n            <\/div>\n        <\/div>\n    <\/section>\n<!-- Newsletter Section -->\n    <section class=\"newsletter\">\n        <div class=\"newsletter-content\">\n            <h2>Restez Inform\u00e9 des Derni\u00e8res Recherches sur le Bien-\u00eatre<\/h2>\n            <p>\n                Rejoignez 50 000+ personnes soucieuses de leur sant\u00e9 recevant chaque semaine des informations sur la protection EMF,\n                le biohacking et la technologie de bien-\u00eatre quantique.\n            <\/p>\n            <form class=\"newsletter-form\">\n                <input type=\"email\" placeholder=\"Entrez votre adresse e-mail\" required>\n                <button type=\"submit\">S'abonner Gratuitement<\/button>\n            <\/form>\n            <p style=\"font-size: 0.9rem; margin-top: 1rem; opacity: 0.9;\">\n                \u2713 Newsletter hebdomadaire gratuite \u2713 Contenu scientifiquement prouv\u00e9 \u2713 D\u00e9sabonnement \u00e0 tout moment\n            <\/p>\n        <\/div>\n    <\/section>\n<\/body>\n<\/html>\n\t\t\t\t<\/div>\n\t\t\t\t\t<\/div>\n\t\t\t\t<\/div>\n\t\t\t\t<\/div>\n\t\t","protected":false},"excerpt":{"rendered":"<p>Helvetic Harmony &#8211; Protection EMF &#038; Technologie de Bien-\u00eatre Quantique \ud83c\udf1f Solutions de Bien-\u00eatre Scientifiquement Prouv\u00e9es Harmonisez Votre Vie avec la Technologie de Bien-\u00eatre Quantique D\u00e9couvrez des solutions fond\u00e9es sur des preuves pour la protection EMF, l&rsquo;optimisation de l&rsquo;\u00e9nergie quantique, le biohacking avanc\u00e9 et la technologie de l&rsquo;eau structur\u00e9e. Transformez votre sant\u00e9 dans notre monde &#8230; <\/p>\n<p class=\"read-more-container\"><a title=\"Home\" class=\"read-more button\" href=\"https:\/\/helvetic-harmony.net\/fr\/#more-10255\" aria-label=\"En savoir plus sur Home\">Read more<\/a><\/p>\n","protected":false},"author":1,"featured_media":0,"parent":0,"menu_order":0,"comment_status":"closed","ping_status":"closed","template":"elementor_header_footer","meta":{"footnotes":""},"class_list":["post-10255","page","type-page","status-publish"],"_links":{"self":[{"href":"https:\/\/helvetic-harmony.net\/fr\/wp-json\/wp\/v2\/pages\/10255","targetHints":{"allow":["GET"]}}],"collection":[{"href":"https:\/\/helvetic-harmony.net\/fr\/wp-json\/wp\/v2\/pages"}],"about":[{"href":"https:\/\/helvetic-harmony.net\/fr\/wp-json\/wp\/v2\/types\/page"}],"author":[{"embeddable":true,"href":"https:\/\/helvetic-harmony.net\/fr\/wp-json\/wp\/v2\/users\/1"}],"replies":[{"embeddable":true,"href":"https:\/\/helvetic-harmony.net\/fr\/wp-json\/wp\/v2\/comments?post=10255"}],"version-history":[{"count":0,"href":"https:\/\/helvetic-harmony.net\/fr\/wp-json\/wp\/v2\/pages\/10255\/revisions"}],"wp:attachment":[{"href":"https:\/\/helvetic-harmony.net\/fr\/wp-json\/wp\/v2\/media?parent=10255"}],"curies":[{"name":"wp","href":"https:\/\/api.w.org\/{rel}","templated":true}]}}