{"id":10259,"date":"2026-01-05T08:41:25","date_gmt":"2026-01-05T07:41:25","guid":{"rendered":"https:\/\/helvetic-harmony.net\/home\/"},"modified":"2026-01-08T11:34:26","modified_gmt":"2026-01-08T10:34:26","slug":"home","status":"publish","type":"page","link":"https:\/\/helvetic-harmony.net\/es\/","title":{"rendered":"Home"},"content":{"rendered":"\t\t<div data-elementor-type=\"wp-page\" data-elementor-id=\"10259\" class=\"elementor elementor-10259 elementor-10237\" data-elementor-post-type=\"page\">\n\t\t\t\t<div class=\"elementor-element elementor-element-2cb7467 e-flex e-con-boxed e-con e-parent\" data-id=\"2cb7467\" data-element_type=\"container\" data-e-type=\"container\">\n\t\t\t\t\t<div class=\"e-con-inner\">\n\t\t\t\t<div class=\"elementor-element elementor-element-d797fa8 elementor-widget__width-inherit elementor-widget elementor-widget-html\" data-id=\"d797fa8\" data-element_type=\"widget\" data-e-type=\"widget\" data-settings=\"{&quot;_animation&quot;:&quot;none&quot;}\" data-widget_type=\"html.default\">\n\t\t\t\t\t<!DOCTYPE html>\n<html lang=\"es\">\n<head>\n    <meta charset=\"UTF-8\">\n    <meta name=\"viewport\" content=\"width=device-width, initial-scale=1.0\">\n    <meta name=\"description\" content=\"Helvetic Harmony - Tu gu\u00eda de confianza para la protecci\u00f3n EMF, energ\u00eda cu\u00e1ntica, estructuraci\u00f3n del agua y tecnolog\u00eda de biohacking. Soluciones de bienestar respaldadas por la ciencia para la vida moderna.\">\n    <title>Helvetic Harmony - Protecci\u00f3n EMF & Tecnolog\u00eda de Bienestar Cu\u00e1ntico<\/title>\n    <style>\n        * {\n            margin: 0;\n            padding: 0;\n            box-sizing: border-box;\n        }\n\n        :root {\n            --deep-indigo: #1B2B5C;\n            --luminous-cyan: #00D9FF;\n            --emerald-green: #10B981;\n            --warm-gold: #D4A574;\n            --soft-lavender: #E6D5F0;\n            --neutral-white: #FFFFFF;\n            --dark-slate: #2C3E50;\n        }\n\n        body {\n            font-family: 'Inter', -apple-system, BlinkMacSystemFont, 'Segoe UI', Roboto, Oxygen, Ubuntu, sans-serif;\n            line-height: 1.6;\n            color: var(--dark-slate);\n            overflow-x: hidden;\n        }\n\n        .hero {\n            min-height: 100vh;\n            background: linear-gradient(135deg, var(--deep-indigo) 0%, #0F1B3C 50%, var(--dark-slate) 100%);\n            position: relative;\n            overflow: hidden;\n            display: flex;\n            align-items: center;\n            justify-content: center;\n        }\n\n        .hero::before {\n            content: '';\n            position: absolute;\n            top: 0;\n            left: 0;\n            right: 0;\n            bottom: 0;\n            background: url('data:image\/svg+xml,<svg xmlns=\"http:\/\/www.w3.org\/2000\/svg\" viewBox=\"0 0 1440 320\"><path fill=\"%2300D9FF\" fill-opacity=\"0.1\" d=\"M0,96L48,112C96,128,192,160,288,165.3C384,171,480,149,576,133.3C672,117,768,107,864,122.7C960,139,1056,181,1152,186.7C1248,192,1344,160,1392,144L1440,128L1440,320L1392,320C1344,320,1248,320,1152,320C1056,320,960,320,864,320C768,320,672,320,576,320C480,320,384,320,288,320C192,320,96,320,48,320L0,320Z\"><\/path><\/svg>');\n            background-size: cover;\n            background-position: bottom;\n        }\n\n        .hero-content {\n            position: relative;\n            z-index: 2;\n            text-align: center;\n            padding: 2rem;\n            max-width: 1200px;\n            margin: 0 auto;\n        }\n\n        .hero-badge {\n            display: inline-block;\n            background: rgba(0, 217, 255, 0.15);\n            backdrop-filter: blur(10px);\n            border: 1px solid rgba(0, 217, 255, 0.3);\n            padding: 0.5rem 1.5rem;\n            border-radius: 50px;\n            color: var(--luminous-cyan);\n            font-size: 0.9rem;\n            font-weight: 600;\n            margin-bottom: 2rem;\n            letter-spacing: 0.5px;\n        }\n\n        .hero h1 {\n            font-size: clamp(2.5rem, 6vw, 5rem);\n            font-weight: 800;\n            color: var(--neutral-white);\n            margin-bottom: 1.5rem;\n            line-height: 1.1;\n            text-shadow: 0 2px 20px rgba(0, 0, 0, 0.3);\n        }\n\n        .hero .highlight {\n            background: linear-gradient(90deg, var(--luminous-cyan), var(--emerald-green));\n            -webkit-background-clip: text;\n            -webkit-text-fill-color: transparent;\n            background-clip: text;\n        }\n\n        .hero p {\n            font-size: clamp(1.1rem, 2vw, 1.4rem);\n            color: rgba(255, 255, 255, 0.9);\n            margin-bottom: 3rem;\n            max-width: 800px;\n            margin-left: auto;\n            margin-right: auto;\n            line-height: 1.8;\n        }\n\n        .cta-buttons {\n            display: flex;\n            gap: 1.5rem;\n            justify-content: center;\n            flex-wrap: wrap;\n            margin-bottom: 4rem;\n        }\n\n        .btn {\n            padding: 1rem 2.5rem;\n            font-size: 1.1rem;\n            font-weight: 600;\n            border-radius: 50px;\n            text-decoration: none;\n            transition: all 0.3s ease;\n            display: inline-block;\n            cursor: pointer;\n            border: none;\n        }\n\n        .btn-primary {\n            background: linear-gradient(135deg, var(--luminous-cyan), var(--emerald-green));\n            color: var(--neutral-white);\n            box-shadow: 0 10px 30px rgba(0, 217, 255, 0.3);\n        }\n\n        .btn-primary:hover {\n            transform: translateY(-3px);\n            box-shadow: 0 15px 40px rgba(0, 217, 255, 0.4);\n        }\n\n        .btn-secondary {\n            background: rgba(255, 255, 255, 0.1);\n            color: var(--neutral-white);\n            border: 2px solid rgba(255, 255, 255, 0.3);\n            backdrop-filter: blur(10px);\n        }\n\n        .btn-secondary:hover {\n            background: rgba(255, 255, 255, 0.2);\n            border-color: rgba(255, 255, 255, 0.5);\n            transform: translateY(-3px);\n        }\n\n        .trust-indicators {\n            display: flex;\n            justify-content: center;\n            gap: 3rem;\n            flex-wrap: wrap;\n            margin-top: 3rem;\n            padding-top: 3rem;\n            border-top: 1px solid rgba(255, 255, 255, 0.1);\n        }\n\n        .trust-item {\n            text-align: center;\n            color: rgba(255, 255, 255, 0.8);\n        }\n\n        .trust-number {\n            font-size: 2.5rem;\n            font-weight: 700;\n            color: var(--luminous-cyan);\n            margin-bottom: 0.5rem;\n        }\n\n        .hero-image-placeholder {\n            position: absolute;\n            top: 0;\n            left: 0;\n            width: 100%;\n            height: 100%;\n            opacity: 0.15;\n            background-size: cover;\n            background-position: center;\n            z-index: 1;\n        }\n\n        .pillars {\n            padding: 8rem 2rem;\n            background: linear-gradient(180deg, #FFFFFF 0%, var(--soft-lavender) 100%);\n        }\n\n        .section-header {\n            text-align: center;\n            max-width: 800px;\n            margin: 0 auto 5rem;\n        }\n\n        .section-badge {\n            display: inline-block;\n            background: linear-gradient(135deg, var(--luminous-cyan), var(--emerald-green));\n            color: white;\n            padding: 0.5rem 1.5rem;\n            border-radius: 50px;\n            font-size: 0.9rem;\n            font-weight: 600;\n            margin-bottom: 1rem;\n            letter-spacing: 0.5px;\n        }\n\n        .section-header h2 {\n            font-size: clamp(2rem, 4vw, 3.5rem);\n            color: var(--deep-indigo);\n            margin-bottom: 1rem;\n            font-weight: 800;\n        }\n\n        .section-header p {\n            font-size: 1.2rem;\n            color: var(--dark-slate);\n            opacity: 0.8;\n        }\n\n        .pillar-grid {\n            display: grid;\n            grid-template-columns: repeat(auto-fit, minmax(300px, 1fr));\n            gap: 2rem;\n            max-width: 1400px;\n            margin: 0 auto;\n        }\n\n        .pillar-card {\n            background: var(--neutral-white);\n            border-radius: 20px;\n            overflow: hidden;\n            box-shadow: 0 10px 40px rgba(27, 43, 92, 0.1);\n            transition: all 0.4s ease;\n            position: relative;\n        }\n\n        .pillar-card:hover {\n            transform: translateY(-10px);\n            box-shadow: 0 20px 60px rgba(27, 43, 92, 0.15);\n        }\n\n        .pillar-image {\n            width: 100%;\n            height: 250px;\n            object-fit: cover;\n            background: linear-gradient(135deg, var(--deep-indigo), var(--luminous-cyan));\n        }\n\n        .pillar-content {\n            padding: 2rem;\n        }\n\n        .pillar-icon {\n            width: 60px;\n            height: 60px;\n            background: linear-gradient(135deg, var(--luminous-cyan), var(--emerald-green));\n            border-radius: 15px;\n            display: flex;\n            align-items: center;\n            justify-content: center;\n            margin-bottom: 1.5rem;\n            font-size: 2rem;\n        }\n\n        .pillar-card h3 {\n            font-size: 1.8rem;\n            color: var(--deep-indigo);\n            margin-bottom: 1rem;\n            font-weight: 700;\n        }\n\n        .pillar-card p {\n            color: var(--dark-slate);\n            margin-bottom: 1.5rem;\n            line-height: 1.7;\n        }\n\n        .pillar-link {\n            color: var(--luminous-cyan);\n            text-decoration: none;\n            font-weight: 600;\n            display: inline-flex;\n            align-items: center;\n            gap: 0.5rem;\n            transition: all 0.3s ease;\n        }\n\n        .pillar-link:hover {\n            gap: 1rem;\n            color: var(--emerald-green);\n        }\n\n        .features {\n            padding: 8rem 2rem;\n            background: var(--neutral-white);\n        }\n\n        .features-grid {\n            display: grid;\n            grid-template-columns: repeat(auto-fit, minmax(250px, 1fr));\n            gap: 3rem;\n            max-width: 1200px;\n            margin: 4rem auto 0;\n        }\n\n        .feature-item {\n            text-align: center;\n            padding: 2rem;\n            border-radius: 20px;\n            transition: all 0.3s ease;\n        }\n\n        .feature-item:hover {\n            background: rgba(0, 217, 255, 0.05);\n            transform: translateY(-5px);\n        }\n\n        .feature-icon {\n            width: 80px;\n            height: 80px;\n            background: linear-gradient(135deg, var(--soft-lavender), rgba(0, 217, 255, 0.2));\n            border-radius: 20px;\n            display: flex;\n            align-items: center;\n            justify-content: center;\n            margin: 0 auto 1.5rem;\n            font-size: 2.5rem;\n        }\n\n        .feature-item h3 {\n            font-size: 1.3rem;\n            color: var(--deep-indigo);\n            margin-bottom: 1rem;\n            font-weight: 700;\n        }\n\n        .feature-item p {\n            color: var(--dark-slate);\n            opacity: 0.8;\n        }\n\n.newsletter {\n            padding: 6rem 2rem;\n            background: linear-gradient(135deg, var(--emerald-green), var(--luminous-cyan));\n        }\n\n        .newsletter-content {\n            max-width: 700px;\n            margin: 0 auto;\n            text-align: center;\n            color: var(--neutral-white);\n        }\n\n        .newsletter h2 {\n            font-size: clamp(2rem, 4vw, 3rem);\n            margin-bottom: 1rem;\n            font-weight: 800;\n        }\n\n        .newsletter p {\n            font-size: 1.2rem;\n            margin-bottom: 2rem;\n            opacity: 0.95;\n        }\n\n        .newsletter-form {\n            display: flex;\n            gap: 1rem;\n            max-width: 500px;\n            margin: 0 auto;\n            flex-wrap: wrap;\n        }\n\n        .newsletter-form input {\n            flex: 1;\n            min-width: 250px;\n            padding: 1rem 1.5rem;\n            border-radius: 50px;\n            border: none;\n            font-size: 1rem;\n        }\n\n        .newsletter-form button {\n            padding: 1rem 2.5rem;\n            background: var(--deep-indigo);\n            color: white;\n            border: none;\n            border-radius: 50px;\n            font-weight: 600;\n            cursor: pointer;\n            transition: all 0.3s ease;\n            font-size: 1rem;\n        }\n\n        .newsletter-form button:hover {\n            background: var(--dark-slate);\n            transform: translateY(-2px);\n        }\n\n        footer {\n            background: var(--deep-indigo);\n            color: rgba(255, 255, 255, 0.8);\n            padding: 4rem 2rem 2rem;\n        }\n\n        .footer-content {\n            max-width: 1200px;\n            margin: 0 auto;\n            display: grid;\n            grid-template-columns: repeat(auto-fit, minmax(250px, 1fr));\n            gap: 3rem;\n            margin-bottom: 3rem;\n        }\n\n        .footer-brand h3 {\n            color: var(--luminous-cyan);\n            font-size: 1.5rem;\n            margin-bottom: 1rem;\n            font-weight: 700;\n        }\n\n        .footer-links h4 {\n            color: var(--neutral-white);\n            margin-bottom: 1rem;\n            font-weight: 600;\n        }\n\n        .footer-links ul {\n            list-style: none;\n        }\n\n        .footer-links a {\n            color: rgba(255, 255, 255, 0.7);\n            text-decoration: none;\n            display: block;\n            margin-bottom: 0.5rem;\n            transition: all 0.3s ease;\n        }\n\n        .footer-links a:hover {\n            color: var(--luminous-cyan);\n            padding-left: 0.5rem;\n        }\n\n        .footer-bottom {\n            text-align: center;\n            padding-top: 2rem;\n            border-top: 1px solid rgba(255, 255, 255, 0.1);\n            color: rgba(255, 255, 255, 0.6);\n        }\n\n        @keyframes float {\n            0%, 100% { transform: translateY(0px); }\n            50% { transform: translateY(-20px); }\n        }\n\n        .float-animation {\n            animation: float 6s ease-in-out infinite;\n        }\n\n        @media (max-width: 768px) {\n            .hero h1 {\n                font-size: 2.5rem;\n            }\n\n            .cta-buttons {\n                flex-direction: column;\n                align-items: stretch;\n            }\n\n            .trust-indicators {\n                gap: 2rem;\n            }\n\n            .newsletter-form {\n                flex-direction: column;\n            }\n        }\n    <\/style>\n<\/head>\n<body>\n    <section class=\"hero\">\n        <div class=\"hero-image-placeholder\"><\/div>\n        <div class=\"hero-content\">\n            <span class=\"hero-badge\">\ud83c\udf1f Soluciones de Bienestar Respaldadas por la Ciencia<\/span>\n            <h1>\n                Armoniza Tu Vida con la<br>\n                <span class=\"highlight\">Tecnolog\u00eda de Bienestar Cu\u00e1ntico<\/span>\n            <\/h1>\n            <p>\n                Descubre soluciones basadas en evidencia para la protecci\u00f3n EMF, la optimizaci\u00f3n de energ\u00eda cu\u00e1ntica,\n                el biohacking avanzado y la tecnolog\u00eda del agua estructurada. Transforma tu salud en nuestro\n                mundo electromagn\u00e9tico.\n            <\/p>\n            <div class=\"cta-buttons\">\n                <a href=\"#pillars\" class=\"btn btn-primary\">Explorar Soluciones<\/a>\n                <\/div>\n            <div class=\"trust-indicators\">\n                <div class=\"trust-item\">\n                    <div class=\"trust-number\">50,000+<\/div>\n                    <div>Lectores en Todo el Mundo<\/div>\n                <\/div>\n                <div class=\"trust-item\">\n                    <div class=\"trust-number\">100+<\/div>\n                    <div>Referencias Cient\u00edficas<\/div>\n                <\/div>\n                <div class=\"trust-item\">\n                    <div class=\"trust-number\">4.8\u2605<\/div>\n                    <div>Calificaci\u00f3n de Usuarios<\/div>\n                <\/div>\n            <\/div>\n        <\/div>\n    <\/section>\n\n    <section id=\"pillars\" class=\"pillars\">\n        <div class=\"section-header\">\n            <span class=\"section-badge\">Nuestros Pilares Fundamentales<\/span>\n            <h2>Gu\u00edas de Bienestar Completas<\/h2>\n            <p>Recursos profundos y respaldados por la ciencia para ayudarte a optimizar tu salud y protegerte de los desaf\u00edos ambientales modernos.<\/p>\n        <\/div>\n\n        <div class=\"pillar-grid\">\n            <div class=\"pillar-card\">\n                <div class=\"pillar-image\" style=\"background: linear-gradient(135deg, #1B2B5C, #00D9FF);\">\n                    <img decoding=\"async\" src=\"https:\/\/helvetic-harmony.net\/wp-content\/smush-avif\/2026\/01\/home_1-emf-protection.jpg.avif\" alt=\"Gu\u00eda Protecci\u00f3n EMF\" style=\"width: 100%; height: 100%; object-fit: cover;\">\n                <\/div>\n                <div class=\"pillar-content\">\n                    <div class=\"pillar-icon\">\ud83d\udee1\ufe0f<\/div>\n                    <h3>Protecci\u00f3n EMF<\/h3>\n                    <p>\n                        Gu\u00eda completa para protegerte de la radiaci\u00f3n electromagn\u00e9tica.\n                        Aprende sobre tecnolog\u00edas de bloqueo, blindaje y armonizaci\u00f3n cu\u00e1ntica\n                        respaldadas por las \u00faltimas investigaciones.\n                    <\/p>\n                    <a href=\"\/es\/proteccion-emf-guia\/\" class=\"pillar-link\">\n                        Leer la Gu\u00eda Completa \u2192\n                    <\/a>\n                <\/div>\n            <\/div>\n\n            <div class=\"pillar-card\">\n                <div class=\"pillar-image\" style=\"background: linear-gradient(135deg, #10B981, #D4A574);\">\n                    <img decoding=\"async\" src=\"https:\/\/helvetic-harmony.net\/wp-content\/smush-avif\/2026\/01\/home_2-quantum-energy.jpg.avif\" alt=\"Dispositivos Energ\u00eda Cu\u00e1ntica\" style=\"width: 100%; height: 100%; object-fit: cover;\">\n                <\/div>\n                <div class=\"pillar-content\">\n                    <div class=\"pillar-icon\">\u26a1<\/div>\n                    <h3>Energ\u00eda Cu\u00e1ntica<\/h3>\n                    <p>\n                        Descubre c\u00f3mo la tecnolog\u00eda de frecuencia cu\u00e1ntica puede armonizar tu\n                        entorno celular. Rese\u00f1as detalladas de Somavedic, Leela Quantum Tech y\n                        otros dispositivos l\u00edderes.\n                    <\/p>\n                    <a href=\"\/es\/dispositivos-energia-cuantica-guia\/\" class=\"pillar-link\">\n                        Explorar Tecnolog\u00eda \u2192\n                    <\/a>\n                <\/div>\n            <\/div>\n\n            <div class=\"pillar-card\">\n                <div class=\"pillar-image\" style=\"background: linear-gradient(135deg, #00D9FF, #10B981);\">\n                    <img decoding=\"async\" src=\"https:\/\/helvetic-harmony.net\/wp-content\/smush-avif\/2026\/01\/home_3-Biohacking.jpg.avif\" alt=\"Tecnolog\u00eda Biohacking\" style=\"width: 100%; height: 100%; object-fit: cover;\">\n                <\/div>\n                <div class=\"pillar-content\">\n                    <div class=\"pillar-icon\">\ud83e\uddec<\/div>\n                    <h3>Tecnolog\u00eda de Biohacking<\/h3>\n                    <p>\n                        Gu\u00eda completa para optimizar tu biolog\u00eda con tecnolog\u00eda de vanguardia.\n                        Desde la optimizaci\u00f3n del sue\u00f1o hasta la mejora cognitiva y el seguimiento del rendimiento.\n                    <\/p>\n                    <a href=\"\/es\/tecnologia-biohacking-guia\/\" class=\"pillar-link\">\n                        Comenzar la Optimizaci\u00f3n \u2192\n                    <\/a>\n                <\/div>\n            <\/div>\n\n            <div class=\"pillar-card\">\n                <div class=\"pillar-image\" style=\"background: linear-gradient(135deg, #1B2B5C, #D4A574);\">\n                    <img decoding=\"async\" src=\"https:\/\/helvetic-harmony.net\/wp-content\/smush-avif\/2026\/01\/home_4-Water-Structuring.jpg.avif\" alt=\"Gu\u00eda Estructuraci\u00f3n del Agua\" style=\"width: 100%; height: 100%; object-fit: cover;\">\n                <\/div>\n                <div class=\"pillar-content\">\n                    <div class=\"pillar-icon\">\ud83d\udca7<\/div>\n                    <h3>Estructuraci\u00f3n del Agua<\/h3>\n                    <p>\n                        Aprende c\u00f3mo el agua estructurada puede mejorar la hidrataci\u00f3n celular y la salud general.\n                        Rese\u00f1as de dispositivos de v\u00f3rtice, generadores de frecuencia y sistemas de filtraci\u00f3n.\n                    <\/p>\n                    <a href=\"\/es\/estructuracion-agua-guia\/\" class=\"pillar-link\">\n                        Descubrir M\u00e1s \u2192\n                    <\/a>\n                <\/div>\n            <\/div>\n        <\/div>\n    <\/section>\n\n    <section class=\"features\">\n        <div class=\"section-header\">\n            <span class=\"section-badge\">Por Qu\u00e9 Elegir Helvetic Harmony<\/span>\n            <h2>Informaci\u00f3n de Bienestar Basada en Evidencia<\/h2>\n            <p>Eliminamos la exageraci\u00f3n del marketing para traerte soluciones reales y respaldadas por la ciencia.<\/p>\n        <\/div>\n\n        <div class=\"features-grid\">\n            <div class=\"feature-item\">\n                <div class=\"feature-icon\">\ud83d\udd2c<\/div>\n                <h3>Respaldado por la Ciencia<\/h3>\n                <p>Cada recomendaci\u00f3n est\u00e1 respaldada por investigaci\u00f3n revisada por pares y estudios cl\u00ednicos.<\/p>\n            <\/div>\n\n            <div class=\"feature-item\">\n                <div class=\"feature-icon\">\ud83c\udfaf<\/div>\n                <h3>Rese\u00f1as Imparciales<\/h3>\n                <p>Rese\u00f1as de productos honestas y completas con pruebas reales y an\u00e1lisis profundos.<\/p>\n            <\/div>\n\n            <div class=\"feature-item\">\n                <div class=\"feature-icon\">\ud83c\udf0d<\/div>\n                <h3>Perspectiva Global<\/h3>\n                <p>Contenido disponible en 8 idiomas al servicio de una comunidad global de bienestar.<\/p>\n            <\/div>\n\n            <div class=\"feature-item\">\n                <div class=\"feature-icon\">\ud83d\udcda<\/div>\n                <h3>Gu\u00edas Completas<\/h3>\n                <p>Contenido pilar profundo que cubre todo, desde los conceptos b\u00e1sicos hasta las aplicaciones avanzadas.<\/p>\n            <\/div>\n\n            <div class=\"feature-item\">\n                <div class=\"feature-icon\">\ud83d\udd04<\/div>\n                <h3>Actualizado Regularmente<\/h3>\n                <p>Contenido actualizado con las \u00faltimas investigaciones y desarrollos tecnol\u00f3gicos.<\/p>\n            <\/div>\n\n            <div class=\"feature-item\">\n                <div class=\"feature-icon\">\ud83d\udca1<\/div>\n                <h3>Consejos Pr\u00e1cticos<\/h3>\n                <p>Pasos pr\u00e1cticos que puedes implementar inmediatamente para mejorar tu bienestar.<\/p>\n            <\/div>\n        <\/div>\n    <\/section>\n<section class=\"newsletter\">\n        <div class=\"newsletter-content\">\n            <h2>Mantente Actualizado con las \u00daltimas Investigaciones de Bienestar<\/h2>\n            <p>\n                \u00danete a 50,000+ personas conscientes de su salud que reciben informaci\u00f3n semanal sobre protecci\u00f3n EMF,\n                biohacking y tecnolog\u00eda de bienestar cu\u00e1ntico.\n            <\/p>\n            <form class=\"newsletter-form\">\n                <input type=\"email\" placeholder=\"Ingresa tu direcci\u00f3n de correo electr\u00f3nico\" required>\n                <button type=\"submit\">Suscr\u00edbete Gratis<\/button>\n            <\/form>\n            <p style=\"font-size: 0.9rem; margin-top: 1rem; opacity: 0.9;\">\n                \u2713 Bolet\u00edn semanal gratuito \u2713 Contenido respaldado por la ciencia \u2713 Cancela en cualquier momento\n            <\/p>\n        <\/div>\n    <\/section>\n<\/body>\n<\/html>\n\t\t\t\t<\/div>\n\t\t\t\t\t<\/div>\n\t\t\t\t<\/div>\n\t\t\t\t<\/div>\n\t\t","protected":false},"excerpt":{"rendered":"<p>Helvetic Harmony &#8211; Protecci\u00f3n EMF &#038; Tecnolog\u00eda de Bienestar Cu\u00e1ntico \ud83c\udf1f Soluciones de Bienestar Respaldadas por la Ciencia Armoniza Tu Vida con la Tecnolog\u00eda de Bienestar Cu\u00e1ntico Descubre soluciones basadas en evidencia para la protecci\u00f3n EMF, la optimizaci\u00f3n de energ\u00eda cu\u00e1ntica, el biohacking avanzado y la tecnolog\u00eda del agua estructurada. Transforma tu salud en nuestro &#8230; <\/p>\n<p class=\"read-more-container\"><a title=\"Home\" class=\"read-more button\" href=\"https:\/\/helvetic-harmony.net\/es\/#more-10259\" aria-label=\"Leer m\u00e1s sobre Home\">Read more<\/a><\/p>\n","protected":false},"author":1,"featured_media":0,"parent":0,"menu_order":0,"comment_status":"closed","ping_status":"closed","template":"elementor_header_footer","meta":{"footnotes":""},"class_list":["post-10259","page","type-page","status-publish"],"_links":{"self":[{"href":"https:\/\/helvetic-harmony.net\/es\/wp-json\/wp\/v2\/pages\/10259","targetHints":{"allow":["GET"]}}],"collection":[{"href":"https:\/\/helvetic-harmony.net\/es\/wp-json\/wp\/v2\/pages"}],"about":[{"href":"https:\/\/helvetic-harmony.net\/es\/wp-json\/wp\/v2\/types\/page"}],"author":[{"embeddable":true,"href":"https:\/\/helvetic-harmony.net\/es\/wp-json\/wp\/v2\/users\/1"}],"replies":[{"embeddable":true,"href":"https:\/\/helvetic-harmony.net\/es\/wp-json\/wp\/v2\/comments?post=10259"}],"version-history":[{"count":0,"href":"https:\/\/helvetic-harmony.net\/es\/wp-json\/wp\/v2\/pages\/10259\/revisions"}],"wp:attachment":[{"href":"https:\/\/helvetic-harmony.net\/es\/wp-json\/wp\/v2\/media?parent=10259"}],"curies":[{"name":"wp","href":"https:\/\/api.w.org\/{rel}","templated":true}]}}